{"id":752,"date":"2019-02-03T21:15:35","date_gmt":"2019-02-03T21:15:35","guid":{"rendered":"http:\/\/spanish.en-desarrollo.net\/?page_id=752"},"modified":"2019-03-13T17:15:43","modified_gmt":"2019-03-13T17:15:43","slug":"organiza-un-evento-con-nosotros","status":"publish","type":"page","link":"https:\/\/spanish.en-desarrollo.net\/es\/oportunidades-de-patrocinio\/organiza-un-evento-con-nosotros\/","title":{"rendered":"Organiza un evento con nosotros"},"content":{"rendered":"<p>[et_pb_section bb_built=\u00bb1&#8243;][et_pb_row][et_pb_column type=\u00bb4_4&#8243;][et_pb_text _builder_version=\u00bb3.17.6&#8243;]<\/p>\n<p>La C\u00e1mara organiza una media de 40 eventos anuales, la mayor\u00eda de ellos en colaboraci\u00f3n con empresas socias, de manera que \u00e9stas puedan compartir sus \u00e1reas de conocimiento o la calidad de sus productos o servicios con el resto de socios<\/p>\n<p>[\/et_pb_text][\/et_pb_column][\/et_pb_row][\/et_pb_section]<\/p>\n<!-- AddThis Advanced Settings generic via filter on the_content --><!-- AddThis Share Buttons generic via filter on the_content -->","protected":false},"excerpt":{"rendered":"<p>[et_pb_section bb_built=\u00bb1&#8243;][et_pb_row][et_pb_column type=\u00bb4_4&#8243;][et_pb_text _builder_version=\u00bb3.17.6&#8243;] La C\u00e1mara organiza una media de 40 eventos anuales, la mayor\u00eda de ellos en colaboraci\u00f3n con empresas socias, de manera que \u00e9stas puedan compartir sus \u00e1reas de conocimiento o la calidad de sus productos o servicios con el resto de socios [\/et_pb_text][\/et_pb_column][\/et_pb_row][\/et_pb_section]<!-- AddThis Advanced Settings generic via filter on get_the_excerpt --><!-- AddThis Share Buttons generic via filter on get_the_excerpt --><\/p>\n","protected":false},"author":1,"featured_media":0,"parent":508,"menu_order":0,"comment_status":"closed","ping_status":"closed","template":"","meta":{"footnotes":""},"class_list":["post-752","page","type-page","status-publish","hentry"],"_links":{"self":[{"href":"https:\/\/spanish.en-desarrollo.net\/es\/wp-json\/wp\/v2\/pages\/752","targetHints":{"allow":["GET"]}}],"collection":[{"href":"https:\/\/spanish.en-desarrollo.net\/es\/wp-json\/wp\/v2\/pages"}],"about":[{"href":"https:\/\/spanish.en-desarrollo.net\/es\/wp-json\/wp\/v2\/types\/page"}],"author":[{"embeddable":true,"href":"https:\/\/spanish.en-desarrollo.net\/es\/wp-json\/wp\/v2\/users\/1"}],"replies":[{"embeddable":true,"href":"https:\/\/spanish.en-desarrollo.net\/es\/wp-json\/wp\/v2\/comments?post=752"}],"version-history":[{"count":0,"href":"https:\/\/spanish.en-desarrollo.net\/es\/wp-json\/wp\/v2\/pages\/752\/revisions"}],"up":[{"embeddable":true,"href":"https:\/\/spanish.en-desarrollo.net\/es\/wp-json\/wp\/v2\/pages\/508"}],"wp:attachment":[{"href":"https:\/\/spanish.en-desarrollo.net\/es\/wp-json\/wp\/v2\/media?parent=752"}],"curies":[{"name":"wp","href":"https:\/\/api.w.org\/{rel}","templated":true}]}}