{"id":519,"date":"2018-12-14T10:17:37","date_gmt":"2018-12-14T10:17:37","guid":{"rendered":"http:\/\/spanish.en-desarrollo.net\/?page_id=519"},"modified":"2023-02-08T15:40:51","modified_gmt":"2023-02-08T15:40:51","slug":"servicios-de-oficina","status":"publish","type":"page","link":"https:\/\/spanish.en-desarrollo.net\/es\/servicios-de-oficina\/","title":{"rendered":"Servicios de oficina"},"content":{"rendered":"<p>[et_pb_section fb_built=\u00bb1&#8243; _builder_version=\u00bb4.16&#8243; background_image=\u00bbhttps:\/\/spanish.en-desarrollo.net\/wp-content\/uploads\/2018\/12\/servicios.jpg\u00bb custom_padding=\u00bb100px||100px|\u00bb global_colors_info=\u00bb{}\u00bb][et_pb_row _builder_version=\u00bb4.16&#8243; background_size=\u00bbinitial\u00bb background_position=\u00bbtop_left\u00bb background_repeat=\u00bbrepeat\u00bb global_colors_info=\u00bb{}\u00bb][\/et_pb_row][\/et_pb_section][et_pb_section fb_built=\u00bb1&#8243; _builder_version=\u00bb4.16&#8243; global_colors_info=\u00bb{}\u00bb][et_pb_row _builder_version=\u00bb4.16&#8243; background_size=\u00bbinitial\u00bb background_position=\u00bbtop_left\u00bb background_repeat=\u00bbrepeat\u00bb global_colors_info=\u00bb{}\u00bb][et_pb_column type=\u00bb4_4&#8243; _builder_version=\u00bb4.16&#8243; custom_padding=\u00bb|||\u00bb global_colors_info=\u00bb{}\u00bb custom_padding__hover=\u00bb|||\u00bb][et_pb_text _builder_version=\u00bb4.16&#8243; text_font=\u00bbMontserrat|700|||||||\u00bb text_text_color=\u00bb#606060&#8243; text_font_size=\u00bb23px\u00bb text_orientation=\u00bbcenter\u00bb global_colors_info=\u00bb{}\u00bb]<\/p>\n<p>SERVICIOS DE OFICINA<\/p>\n<p>[\/et_pb_text][et_pb_text _builder_version=\u00bb4.16&#8243; text_font=\u00bbMontserrat|700|||||||\u00bb text_text_color=\u00bb#606060&#8243; text_font_size=\u00bb19px\u00bb text_orientation=\u00bbcenter\u00bb global_colors_info=\u00bb{}\u00bb]<\/p>\n<p>Su oficina en Londres<\/p>\n<p>[\/et_pb_text][et_pb_divider color=\u00bb#606060&#8243; _builder_version=\u00bb4.16&#8243; max_width=\u00bb11%\u00bb module_alignment=\u00bbcenter\u00bb global_colors_info=\u00bb{}\u00bb]<br \/>\n[\/et_pb_divider][\/et_pb_column][\/et_pb_row][et_pb_row _builder_version=\u00bb4.16&#8243; background_size=\u00bbinitial\u00bb background_position=\u00bbtop_left\u00bb background_repeat=\u00bbrepeat\u00bb global_colors_info=\u00bb{}\u00bb column_structure=\u00bb1_3,1_3,1_3&#8243;][et_pb_column type=\u00bb1_3&#8243; _builder_version=\u00bb4.16&#8243; custom_padding=\u00bb|||\u00bb global_colors_info=\u00bb{}\u00bb custom_padding__hover=\u00bb|||\u00bb][et_pb_image src=\u00bbhttps:\/\/spanish.en-desarrollo.net\/wp-content\/uploads\/2018\/12\/rawpixel-675355-unsplash.jpg\u00bb align_tablet=\u00bbcenter\u00bb align_last_edited=\u00bbon|desktop\u00bb _builder_version=\u00bb4.16&#8243; global_colors_info=\u00bb{}\u00bb align_phone=\u00bbcenter\u00bb]<br \/>\n[\/et_pb_image][et_pb_text _builder_version=\u00bb4.16&#8243; custom_css_main_element=\u00bbmargin-bottom:1px !important;\u00bb global_colors_info=\u00bb{}\u00bb]<\/p>\n<p><span style=\"color: #2963ae;\"><strong>ALQUILER DE ESPACIOS<\/strong><\/span><br \/><span style=\"color: #2963ae;\"><strong>DE TRABAJO<\/strong><\/span><\/p>\n<p>[\/et_pb_text][et_pb_divider color=\u00bb#606060&#8243; _builder_version=\u00bb4.16&#8243; max_width=\u00bb35%\u00bb module_alignment=\u00bbleft\u00bb custom_css_main_element=\u00bbmargin-bottom:0px !important;\u00bb global_colors_info=\u00bb{}\u00bb]<br \/>\n[\/et_pb_divider][et_pb_text _builder_version=\u00bb4.16&#8243; global_colors_info=\u00bb{}\u00bb]<\/p>\n<p>Tanto si busca una mesa en un espacio de co-working, como si su equipo tiene ya varias personas, la C\u00e1mara dispone de espacios de oficina que se adaptan a sus necesidades.<\/p>\n<p>[\/et_pb_text][et_pb_button button_text=\u00bbLEER M\u00c1S\u00bb button_alignment=\u00bbleft\u00bb module_class=\u00bbrv_button10 closed\u00bb _builder_version=\u00bb4.16&#8243; button_icon=\u00bb&#x35;||divi||400&#8243; button_on_hover=\u00bboff\u00bb custom_css_main_element=\u00bbborder: none;||font-size: 16px;\u00bb global_colors_info=\u00bb{}\u00bb]<br \/>\n[\/et_pb_button][\/et_pb_column][et_pb_column type=\u00bb1_3&#8243; _builder_version=\u00bb4.16&#8243; custom_padding=\u00bb|||\u00bb global_colors_info=\u00bb{}\u00bb custom_padding__hover=\u00bb|||\u00bb][et_pb_image src=\u00bbhttps:\/\/spanish.en-desarrollo.net\/wp-content\/uploads\/2018\/12\/iStock-869282952.jpg\u00bb align_tablet=\u00bbcenter\u00bb align_last_edited=\u00bbon|desktop\u00bb _builder_version=\u00bb4.16&#8243; global_colors_info=\u00bb{}\u00bb align_phone=\u00bbcenter\u00bb]<br \/>\n[\/et_pb_image][et_pb_text _builder_version=\u00bb4.16&#8243; custom_css_main_element=\u00bbmargin-bottom:1px !important;\u00bb global_colors_info=\u00bb{}\u00bb]<\/p>\n<p><span style=\"color: #2963ae;\"><strong>ALQUILER DE SALA<\/strong><\/span><br \/><span style=\"color: #2963ae;\"><strong>DE REUNIONES<\/strong><\/span><\/p>\n<p>[\/et_pb_text][et_pb_divider color=\u00bb#606060&#8243; _builder_version=\u00bb4.16&#8243; max_width=\u00bb35%\u00bb module_alignment=\u00bbleft\u00bb custom_css_main_element=\u00bbmargin-bottom:0px !important;\u00bb global_colors_info=\u00bb{}\u00bb]<br \/>\n[\/et_pb_divider][et_pb_text _builder_version=\u00bb4.16&#8243; global_colors_info=\u00bb{}\u00bb]<\/p>\n<p>En pleno centro de Londres, ponemos a su disposici\u00f3n nuestra sala de juntas para que pueda organizar sus propios eventos, charlas o reuniones.<\/p>\n<p>[\/et_pb_text][et_pb_button button_text=\u00bbLEER M\u00c1S\u00bb button_alignment=\u00bbleft\u00bb module_class=\u00bbrv_button11 closed\u00bb _builder_version=\u00bb4.16&#8243; button_icon=\u00bb&#x35;||divi||400&#8243; button_on_hover=\u00bboff\u00bb custom_margin=\u00bb50px||\u00bb custom_margin_tablet=\u00bb0px||\u00bb custom_margin_phone=\u00bb\u00bb custom_margin_last_edited=\u00bbon|desktop\u00bb custom_css_main_element=\u00bbborder: none;||font-size: 16px;\u00bb global_colors_info=\u00bb{}\u00bb]<br \/>\n[\/et_pb_button][\/et_pb_column][et_pb_column type=\u00bb1_3&#8243; _builder_version=\u00bb4.16&#8243; custom_padding=\u00bb|||\u00bb global_colors_info=\u00bb{}\u00bb custom_padding__hover=\u00bb|||\u00bb][et_pb_image src=\u00bbhttps:\/\/spanish.en-desarrollo.net\/wp-content\/uploads\/2018\/12\/iStock-1018314764.jpg\u00bb align_tablet=\u00bbcenter\u00bb align_last_edited=\u00bbon|desktop\u00bb _builder_version=\u00bb4.16&#8243; global_colors_info=\u00bb{}\u00bb align_phone=\u00bbcenter\u00bb]<br \/>\n[\/et_pb_image][et_pb_text _builder_version=\u00bb4.16&#8243; custom_css_main_element=\u00bbmargin-bottom:1px !important;\u00bb global_colors_info=\u00bb{}\u00bb]<\/p>\n<p>\n<span style=\"color: #2963ae;\"><strong>DOMICILIACI\u00d3N<br \/>POSTAL<\/strong><\/span><\/p>\n<p>[\/et_pb_text][et_pb_divider color=\u00bb#606060&#8243; _builder_version=\u00bb4.16&#8243; max_width=\u00bb35%\u00bb module_alignment=\u00bbleft\u00bb custom_css_main_element=\u00bbmargin-bottom:0px !important;\u00bb global_colors_info=\u00bb{}\u00bb]<br \/>\n[\/et_pb_divider][et_pb_text _builder_version=\u00bb4.16&#8243; global_colors_info=\u00bb{}\u00bb]<\/p>\n<p>Muchas empresas deciden usar la direcci\u00f3n de la C\u00e1mara de Comercio para recibir su correspondencia en el Reino Unido y poder as\u00ed empezar a hacer negocios.<\/p>\n<p>[\/et_pb_text][et_pb_button button_text=\u00bbLEER M\u00c1S\u00bb button_alignment=\u00bbleft\u00bb module_class=\u00bbrv_button12 closed\u00bb _builder_version=\u00bb4.16&#8243; button_icon=\u00bb&#x35;||divi||400&#8243; button_on_hover=\u00bboff\u00bb custom_margin=\u00bb50px||\u00bb custom_margin_tablet=\u00bb0px||\u00bb custom_margin_phone=\u00bb\u00bb custom_margin_last_edited=\u00bbon|tablet\u00bb custom_css_main_element=\u00bbborder: none;||font-size: 16px;\u00bb global_colors_info=\u00bb{}\u00bb]<br \/>\n[\/et_pb_button][\/et_pb_column][\/et_pb_row][et_pb_row module_id=\u00bbreveal10&#8243; _builder_version=\u00bb4.16&#8243; background_color=\u00bb#F4F4F3&#8243; custom_padding=\u00bb50px|50px|50px|50px|true|true\u00bb global_colors_info=\u00bb{}\u00bb][et_pb_column type=\u00bb4_4&#8243; _builder_version=\u00bb4.16&#8243; custom_padding=\u00bb|||\u00bb global_colors_info=\u00bb{}\u00bb custom_padding__hover=\u00bb|||\u00bb][et_pb_text _builder_version=\u00bb4.16&#8243; text_font=\u00bbMontserrat|700|||||||\u00bb text_text_color=\u00bb#2963ae\u00bb custom_css_main_element=\u00bbmargin-bottom:0px !important;\u00bb global_colors_info=\u00bb{}\u00bb]<\/p>\n<p style=\"text-align: center;\">ALQUILER DE ESPACIOS DE TRABAJO<\/p>\n<p style=\"text-align: center;\">\n[\/et_pb_text][et_pb_text _builder_version=\u00bb4.16&#8243; custom_css_main_element=\u00bbmargin-bottom:3px !important;\u00bb global_colors_info=\u00bb{}\u00bb]<\/p>\n<p>La C\u00e1mara ofrece el uso de sus instalaciones en el centro de Londres para que pueda hacer uso del \u00e1rea de trabajo, ya sea si solo necesita un escritorio por unas pocas horas al d\u00eda o si est\u00e1 buscando una peque\u00f1a oficina.<\/p>\n<p>Disponemos de mesas de trabajo en un espacio compartido, oficinas individuales y oficinas que pueden acomodar hasta 10 estaciones de trabajo. El precio de cada estaci\u00f3n es de \u00a3450 + IVA.<\/p>\n<p>Para m\u00e1s informaci\u00f3n sobre los espacios de trabajo, por favor p\u00f3ngase en contacto con nosotros a trav\u00e9s de\u00a0<a href=\"mailto:info@spanishchamber.co.uk\">info@spanishchamber.co.uk<\/a><\/p>\n<p>[\/et_pb_text][\/et_pb_column][\/et_pb_row][et_pb_row module_id=\u00bbreveal11&#8243; _builder_version=\u00bb4.16&#8243; background_color=\u00bb#F4F4F3&#8243; custom_padding=\u00bb50px|50px|50px|50px|true|true\u00bb global_colors_info=\u00bb{}\u00bb][et_pb_column type=\u00bb4_4&#8243; _builder_version=\u00bb4.16&#8243; custom_padding=\u00bb|||\u00bb global_colors_info=\u00bb{}\u00bb custom_padding__hover=\u00bb|||\u00bb][et_pb_text _builder_version=\u00bb4.16&#8243; text_font=\u00bbMontserrat|700|||||||\u00bb text_text_color=\u00bb#2963ae\u00bb custom_css_main_element=\u00bbmargin-bottom:0px !important;\u00bb global_colors_info=\u00bb{}\u00bb]<\/p>\n<p style=\"text-align: center;\">ALQUILER DE SALA DE REUNIONES<\/p>\n<p style=\"text-align: center;\">\n[\/et_pb_text][et_pb_text _builder_version=\u00bb4.19.4&#8243; hover_enabled=\u00bb0&#8243; custom_css_main_element=\u00bbmargin-bottom:3px !important;\u00bb global_colors_info=\u00bb{}\u00bb sticky_enabled=\u00bb0&#8243;]<\/p>\n<p>La C\u00e1mara ofrece la posibilidad de hacer uso de un espacio para llevar a cabo reuniones de negocios y otros eventos en una ubicaci\u00f3n privilegiada.Nuestra sala de reuniones de\u00a034m<sup>2 <\/sup>cuenta con conexi\u00f3n Wi-Fi, pantalla y proyector.<\/p>\n<ul>\n<li>Capacidad: 20 personas sentadas (30 de pie)<\/li>\n<li>Tama\u00f1o: 34.50m<sup>2<\/sup><\/li>\n<li>Conexi\u00f3n WIFI<\/li>\n<li>Localizaci\u00f3n: W1U, central London<\/li>\n<li>Tel\u00e9fono fijo<\/li>\n<li>Pantalla y proyector<\/li>\n<\/ul>\n<p>Los precios de alquiler de la sala de reuniones son los siguientes:<\/p>\n<table>\n<tbody>\n<tr>\n<td width=\"214\">\u00a0<\/td>\n<td width=\"102\">SOCIOS<\/td>\n<td width=\"123\">NO SOCIOS<\/td>\n<\/tr>\n<tr>\n<td width=\"214\">D\u00eda completo 9:30am-5:00pm<\/td>\n<td width=\"102\">\u00a3375 + IVA<\/td>\n<td width=\"123\">\u00a3450 + IVA<\/td>\n<\/tr>\n<tr>\n<td width=\"214\">Ma\u00f1ana (9:30am \u2013 12:30pm)<br \/>o tarde (2:00pm \u2013 5:00pm)<\/td>\n<td width=\"102\">\u00a3200 + IVA<\/td>\n<td width=\"123\">\u00a3250 + IVA<\/td>\n<\/tr>\n<\/tbody>\n<\/table>\n<p>Para m\u00e1s informaci\u00f3n sobre el alquiler de la sala de reuniones de la C\u00e1mara, por favor p\u00f3ngase en contacto con nosotros a trav\u00e9s de <a href=\"mailto:info@spanishchamber.co.uk\">info@spanishchamber.co.uk<\/a><\/p>\n<p>[\/et_pb_text][\/et_pb_column][\/et_pb_row][et_pb_row module_id=\u00bbreveal12&#8243; _builder_version=\u00bb4.16&#8243; background_color=\u00bb#F4F4F3&#8243; custom_padding=\u00bb50px|50px|50px|50px|true|true\u00bb global_colors_info=\u00bb{}\u00bb][et_pb_column type=\u00bb4_4&#8243; _builder_version=\u00bb4.16&#8243; custom_padding=\u00bb|||\u00bb global_colors_info=\u00bb{}\u00bb custom_padding__hover=\u00bb|||\u00bb][et_pb_text _builder_version=\u00bb4.16&#8243; text_font=\u00bbMontserrat|700|||||||\u00bb text_text_color=\u00bb#2963ae\u00bb custom_css_main_element=\u00bbmargin-bottom:0px !important;\u00bb global_colors_info=\u00bb{}\u00bb]<\/p>\n<p style=\"text-align: center;\">DOMICILIACI\u00d3N POSTAL<\/p>\n<p style=\"text-align: center;\">\n[\/et_pb_text][et_pb_text _builder_version=\u00bb4.16&#8243; custom_css_main_element=\u00bbmargin-bottom:3px !important;\u00bb global_colors_info=\u00bb{}\u00bb]<\/p>\n<p>Si lo que su empresa necesita es una direcci\u00f3n postal en la que poder recibir su correo y que le permita iniciar su actividad comercial en el Reino Unido, la C\u00e1mara pone al servicio de sus empresas socias el servicio de \u201cDomiciliaci\u00f3n postal\u201d.<\/p>\n<p>Para m\u00e1s informaci\u00f3n sobre la domiciliaci\u00f3n postal en la C\u00e1mara, por favor p\u00f3ngase en contacto con nosotros a trav\u00e9s de <a href=\"mailto:info@spanishchamber.co.uk\">info@spanishchamber.co.uk<\/a><\/p>\n<p>[\/et_pb_text][\/et_pb_column][\/et_pb_row][\/et_pb_section]<\/p>\n<!-- AddThis Advanced Settings generic via filter on the_content --><!-- AddThis Share Buttons generic via filter on the_content -->","protected":false},"excerpt":{"rendered":"<p>[et_pb_section fb_built=\u00bb1&#8243; _builder_version=\u00bb4.16&#8243; background_image=\u00bbhttps:\/\/spanish.en-desarrollo.net\/wp-content\/uploads\/2018\/12\/servicios.jpg\u00bb custom_padding=\u00bb100px||100px|\u00bb global_colors_info=\u00bb{}\u00bb][et_pb_row _builder_version=\u00bb4.16&#8243; background_size=\u00bbinitial\u00bb background_position=\u00bbtop_left\u00bb background_repeat=\u00bbrepeat\u00bb global_colors_info=\u00bb{}\u00bb][\/et_pb_row][\/et_pb_section][et_pb_section fb_built=\u00bb1&#8243; _builder_version=\u00bb4.16&#8243; global_colors_info=\u00bb{}\u00bb][et_pb_row _builder_version=\u00bb4.16&#8243; background_size=\u00bbinitial\u00bb background_position=\u00bbtop_left\u00bb background_repeat=\u00bbrepeat\u00bb global_colors_info=\u00bb{}\u00bb][et_pb_column type=\u00bb4_4&#8243; _builder_version=\u00bb4.16&#8243; custom_padding=\u00bb|||\u00bb global_colors_info=\u00bb{}\u00bb custom_padding__hover=\u00bb|||\u00bb][et_pb_text _builder_version=\u00bb4.16&#8243; text_font=\u00bbMontserrat|700|||||||\u00bb text_text_color=\u00bb#606060&#8243; text_font_size=\u00bb23px\u00bb text_orientation=\u00bbcenter\u00bb global_colors_info=\u00bb{}\u00bb] SERVICIOS DE OFICINA [\/et_pb_text][et_pb_text _builder_version=\u00bb4.16&#8243; text_font=\u00bbMontserrat|700|||||||\u00bb text_text_color=\u00bb#606060&#8243; text_font_size=\u00bb19px\u00bb text_orientation=\u00bbcenter\u00bb global_colors_info=\u00bb{}\u00bb] Su oficina en Londres [\/et_pb_text][et_pb_divider color=\u00bb#606060&#8243; _builder_version=\u00bb4.16&#8243; max_width=\u00bb11%\u00bb module_alignment=\u00bbcenter\u00bb global_colors_info=\u00bb{}\u00bb] [\/et_pb_divider][\/et_pb_column][\/et_pb_row][et_pb_row _builder_version=\u00bb4.16&#8243; background_size=\u00bbinitial\u00bb background_position=\u00bbtop_left\u00bb background_repeat=\u00bbrepeat\u00bb [&hellip;]<!-- AddThis Advanced Settings generic via filter on get_the_excerpt --><!-- AddThis Share Buttons generic via filter on get_the_excerpt --><\/p>\n","protected":false},"author":1,"featured_media":0,"parent":0,"menu_order":0,"comment_status":"closed","ping_status":"closed","template":"","meta":{"footnotes":""},"class_list":["post-519","page","type-page","status-publish","hentry"],"_links":{"self":[{"href":"https:\/\/spanish.en-desarrollo.net\/es\/wp-json\/wp\/v2\/pages\/519","targetHints":{"allow":["GET"]}}],"collection":[{"href":"https:\/\/spanish.en-desarrollo.net\/es\/wp-json\/wp\/v2\/pages"}],"about":[{"href":"https:\/\/spanish.en-desarrollo.net\/es\/wp-json\/wp\/v2\/types\/page"}],"author":[{"embeddable":true,"href":"https:\/\/spanish.en-desarrollo.net\/es\/wp-json\/wp\/v2\/users\/1"}],"replies":[{"embeddable":true,"href":"https:\/\/spanish.en-desarrollo.net\/es\/wp-json\/wp\/v2\/comments?post=519"}],"version-history":[{"count":1,"href":"https:\/\/spanish.en-desarrollo.net\/es\/wp-json\/wp\/v2\/pages\/519\/revisions"}],"predecessor-version":[{"id":28837,"href":"https:\/\/spanish.en-desarrollo.net\/es\/wp-json\/wp\/v2\/pages\/519\/revisions\/28837"}],"wp:attachment":[{"href":"https:\/\/spanish.en-desarrollo.net\/es\/wp-json\/wp\/v2\/media?parent=519"}],"curies":[{"name":"wp","href":"https:\/\/api.w.org\/{rel}","templated":true}]}}